{"id":545,"date":"2025-10-21T08:59:29","date_gmt":"2025-10-21T08:59:29","guid":{"rendered":"https:\/\/promakehub.com\/about-us\/"},"modified":"2025-12-01T07:10:55","modified_gmt":"2025-12-01T07:10:55","slug":"about-us","status":"publish","type":"page","link":"https:\/\/promakehub.com\/es\/about-us\/","title":{"rendered":"Qui\u00e9nes somos"},"content":{"rendered":"<div data-elementor-type=\"wp-page\" data-elementor-id=\"545\" class=\"elementor elementor-545\" data-elementor-post-type=\"page\">\n\t\t\t\t<div class=\"elementor-element elementor-element-576916f e-flex e-con-boxed e-con e-parent\" data-id=\"576916f\" data-element_type=\"container\" data-settings=\"{&quot;background_background&quot;:&quot;classic&quot;}\">\n\t\t\t\t\t<div class=\"e-con-inner\">\n\t\t<div class=\"elementor-element elementor-element-9dbd73e e-con-full e-flex e-con e-child\" data-id=\"9dbd73e\" data-element_type=\"container\">\n\t\t\t\t<div class=\"elementor-element elementor-element-b4ad8cf elementor-widget elementor-widget-heading\" data-id=\"b4ad8cf\" data-element_type=\"widget\" data-widget_type=\"heading.default\">\n\t\t\t\t<div class=\"elementor-widget-container\">\n\t\t\t\t\t<h1 class=\"elementor-heading-title elementor-size-default\">Qui\u00e9nes somos<\/h1>\t\t\t\t<\/div>\n\t\t\t\t<\/div>\n\t\t\t\t<\/div>\n\t\t\t\t\t<\/div>\n\t\t\t\t<\/div>\n\t\t\t\t<section class=\"elementor-section elementor-top-section elementor-element elementor-element-1xu0nw7 elementor-section-content-middle elementor-section-boxed elementor-section-height-default elementor-section-height-default\" data-id=\"1xu0nw7\" data-element_type=\"section\" data-settings=\"{&quot;background_background&quot;:&quot;classic&quot;}\">\n\t\t\t\t\t\t\t<div class=\"elementor-background-overlay\"><\/div>\n\t\t\t\t\t\t\t<div class=\"elementor-container elementor-column-gap-no\">\n\t\t\t\t\t<div class=\"elementor-column elementor-col-50 elementor-top-column elementor-element elementor-element-5fcceb3\" data-id=\"5fcceb3\" data-element_type=\"column\">\n\t\t\t<div class=\"elementor-widget-wrap elementor-element-populated\">\n\t\t\t\t\t\t<div class=\"elementor-element elementor-element-1726a4d elementor-widget elementor-widget-image\" data-id=\"1726a4d\" data-element_type=\"widget\" data-widget_type=\"image.default\">\n\t\t\t\t<div class=\"elementor-widget-container\">\n\t\t\t\t\t\t\t\t\t\t\t\t\t\t\t<img fetchpriority=\"high\" decoding=\"async\" width=\"504\" height=\"302\" src=\"https:\/\/promakehub.com\/wp-content\/uploads\/2025\/11\/pl_prototyping_high-res.webp.png\" class=\"attachment-full size-full wp-image-1873\" alt=\"\" srcset=\"https:\/\/promakehub.com\/wp-content\/uploads\/2025\/11\/pl_prototyping_high-res.webp.png 504w, https:\/\/promakehub.com\/wp-content\/uploads\/2025\/11\/pl_prototyping_high-res.webp-300x180.png 300w, https:\/\/promakehub.com\/wp-content\/uploads\/2025\/11\/pl_prototyping_high-res.webp-18x12.png 18w\" sizes=\"(max-width: 504px) 100vw, 504px\" \/>\t\t\t\t\t\t\t\t\t\t\t\t\t\t\t<\/div>\n\t\t\t\t<\/div>\n\t\t\t\t\t<\/div>\n\t\t<\/div>\n\t\t\t\t<div class=\"elementor-column elementor-col-50 elementor-top-column elementor-element elementor-element-04229e9\" data-id=\"04229e9\" data-element_type=\"column\">\n\t\t\t<div class=\"elementor-widget-wrap elementor-element-populated\">\n\t\t\t\t\t\t<div class=\"elementor-element elementor-element-bdb5955 elementor-widget elementor-widget-heading\" data-id=\"bdb5955\" data-element_type=\"widget\" data-widget_type=\"heading.default\">\n\t\t\t\t<div class=\"elementor-widget-container\">\n\t\t\t\t\t<h3 class=\"elementor-heading-title elementor-size-default\">promakehub<\/h3>\t\t\t\t<\/div>\n\t\t\t\t<\/div>\n\t\t\t\t<div class=\"elementor-element elementor-element-b1bbbe1 elementor-widget elementor-widget-text-editor\" data-id=\"b1bbbe1\" data-element_type=\"widget\" data-widget_type=\"text-editor.default\">\n\t\t\t\t<div class=\"elementor-widget-container\">\n\t\t\t\t\t\t\t\t\t<p>\u00a1Hola! Bienvenido a la revoluci\u00f3n de la fabricaci\u00f3n digital. promakehub es el servicio de fabricaci\u00f3n m\u00e1s r\u00e1pido del mundo, que permite a las empresas de todos los sectores agilizar la producci\u00f3n de piezas de calidad a lo largo de todo el ciclo de vida del producto.<\/p><p>Fundada en 1999, redujimos radicalmente el tiempo necesario para producir prototipos moldeados mediante un complejo software que automatizaba el proceso de fabricaci\u00f3n. En las dos d\u00e9cadas siguientes, a\u00f1adimos el mecanizado CNC, la impresi\u00f3n 3D y la fabricaci\u00f3n de chapas met\u00e1licas, y m\u00e1s tarde lanzamos promakehub Network, nuestra red mundial de socios fabricantes.\u00a0<\/p><p>Nuestros m\u00e1s de 25 a\u00f1os de crecimiento y capacidades en expansi\u00f3n ofrecen a los clientes la mejor experiencia de fabricaci\u00f3n digital del sector.<\/p>\t\t\t\t\t\t\t\t<\/div>\n\t\t\t\t<\/div>\n\t\t\t\t\t<\/div>\n\t\t<\/div>\n\t\t\t\t\t<\/div>\n\t\t<\/section>\n\t\t<div class=\"elementor-element elementor-element-3509671 e-flex e-con-boxed e-con e-parent\" data-id=\"3509671\" data-element_type=\"container\">\n\t\t\t\t\t<div class=\"e-con-inner\">\n\t\t\t\t<div class=\"elementor-element elementor-element-5fb84ec elementor-widget elementor-widget-text-editor\" data-id=\"5fb84ec\" data-element_type=\"widget\" data-widget_type=\"text-editor.default\">\n\t\t\t\t<div class=\"elementor-widget-container\">\n\t\t\t\t\t\t\t\t\t<p>Nuestra misi\u00f3n<\/p>\t\t\t\t\t\t\t\t<\/div>\n\t\t\t\t<\/div>\n\t\t\t\t<div class=\"elementor-element elementor-element-e8b8d75 elementor-widget elementor-widget-text-editor\" data-id=\"e8b8d75\" data-element_type=\"widget\" data-widget_type=\"text-editor.default\">\n\t\t\t\t<div class=\"elementor-widget-container\">\n\t\t\t\t\t\t\t\t\t<p>Damos forma al futuro haciendo realidad las ideas de los clientes en todas las fases del ciclo de vida del producto.<\/p>\t\t\t\t\t\t\t\t<\/div>\n\t\t\t\t<\/div>\n\t\t\t\t\t<\/div>\n\t\t\t\t<\/div>\n\t\t<div class=\"elementor-element elementor-element-34e3aab e-flex e-con-boxed e-con e-parent\" data-id=\"34e3aab\" data-element_type=\"container\">\n\t\t\t\t\t<div class=\"e-con-inner\">\n\t\t\t\t<div class=\"elementor-element elementor-element-dc6b40b elementor-widget elementor-widget-text-editor\" data-id=\"dc6b40b\" data-element_type=\"widget\" data-widget_type=\"text-editor.default\">\n\t\t\t\t<div class=\"elementor-widget-container\">\n\t\t\t\t\t\t\t\t\t<p>Nuestra visi\u00f3n<\/p>\t\t\t\t\t\t\t\t<\/div>\n\t\t\t\t<\/div>\n\t\t\t\t<div class=\"elementor-element elementor-element-05cbd9d elementor-widget elementor-widget-text-editor\" data-id=\"05cbd9d\" data-element_type=\"widget\" data-widget_type=\"text-editor.default\">\n\t\t\t\t<div class=\"elementor-widget-container\">\n\t\t\t\t\t\t\t\t\t<p>Acelerar la innovaci\u00f3n revolucionando la fabricaci\u00f3n.<\/p>\t\t\t\t\t\t\t\t<\/div>\n\t\t\t\t<\/div>\n\t\t\t\t\t<\/div>\n\t\t\t\t<\/div>\n\t\t<div class=\"elementor-element elementor-element-bbf6ecc e-flex e-con-boxed e-con e-parent\" data-id=\"bbf6ecc\" data-element_type=\"container\">\n\t\t\t\t\t<div class=\"e-con-inner\">\n\t\t\t\t<div class=\"elementor-element elementor-element-03af72f elementor-widget elementor-widget-image\" data-id=\"03af72f\" data-element_type=\"widget\" data-widget_type=\"image.default\">\n\t\t\t\t<div class=\"elementor-widget-container\">\n\t\t\t\t\t\t\t\t\t\t\t\t\t\t\t<img decoding=\"async\" width=\"1895\" height=\"221\" src=\"https:\/\/promakehub.com\/wp-content\/uploads\/2025\/12\/1.png\" class=\"attachment-full size-full wp-image-2807\" alt=\"\" srcset=\"https:\/\/promakehub.com\/wp-content\/uploads\/2025\/12\/1.png 1895w, https:\/\/promakehub.com\/wp-content\/uploads\/2025\/12\/1-300x35.png 300w, https:\/\/promakehub.com\/wp-content\/uploads\/2025\/12\/1-1024x119.png 1024w, https:\/\/promakehub.com\/wp-content\/uploads\/2025\/12\/1-768x90.png 768w, https:\/\/promakehub.com\/wp-content\/uploads\/2025\/12\/1-1536x179.png 1536w, https:\/\/promakehub.com\/wp-content\/uploads\/2025\/12\/1-18x2.png 18w, https:\/\/promakehub.com\/wp-content\/uploads\/2025\/12\/1-600x70.png 600w\" sizes=\"(max-width: 1895px) 100vw, 1895px\" \/>\t\t\t\t\t\t\t\t\t\t\t\t\t\t\t<\/div>\n\t\t\t\t<\/div>\n\t\t\t\t\t<\/div>\n\t\t\t\t<\/div>\n\t\t<div class=\"elementor-element elementor-element-453929d e-con-full e-flex e-con e-parent\" data-id=\"453929d\" data-element_type=\"container\" data-settings=\"{&quot;background_background&quot;:&quot;classic&quot;}\">\n\t\t\t\t<div class=\"elementor-element elementor-element-9c7eff3 elementor-widget elementor-widget-heading\" data-id=\"9c7eff3\" data-element_type=\"widget\" data-widget_type=\"heading.default\">\n\t\t\t\t<div class=\"elementor-widget-container\">\n\t\t\t\t\t<h4 class=\"elementor-heading-title elementor-size-default\">Fabricaci\u00f3n global para la deslocalizaci\u00f3n regional<\/h4>\t\t\t\t<\/div>\n\t\t\t\t<\/div>\n\t\t\t\t<div class=\"elementor-element elementor-element-2bc6df7 elementor-widget elementor-widget-text-editor\" data-id=\"2bc6df7\" data-element_type=\"widget\" data-widget_type=\"text-editor.default\">\n\t\t\t\t<div class=\"elementor-widget-container\">\n\t\t\t\t\t\t\t\t\t<p><br \/>Nuestras f\u00e1bricas digitales producen piezas de bajo volumen en d\u00edas, mientras que nuestra red digital de socios fabricantes desbloquea capacidades avanzadas y precios por volumen en cantidades superiores.<\/p>\t\t\t\t\t\t\t\t<\/div>\n\t\t\t\t<\/div>\n\t\t\t\t<div class=\"elementor-element elementor-element-da6f56d elementor-widget elementor-widget-image\" data-id=\"da6f56d\" data-element_type=\"widget\" data-widget_type=\"image.default\">\n\t\t\t\t<div class=\"elementor-widget-container\">\n\t\t\t\t\t\t\t\t\t\t\t\t\t\t\t<img decoding=\"async\" width=\"2560\" height=\"1152\" src=\"https:\/\/promakehub.com\/wp-content\/uploads\/2025\/12\/44-scaled.jpg\" class=\"attachment-full size-full wp-image-2811\" alt=\"\" srcset=\"https:\/\/promakehub.com\/wp-content\/uploads\/2025\/12\/44-scaled.jpg 2560w, https:\/\/promakehub.com\/wp-content\/uploads\/2025\/12\/44-300x135.jpg 300w, https:\/\/promakehub.com\/wp-content\/uploads\/2025\/12\/44-1024x461.jpg 1024w, https:\/\/promakehub.com\/wp-content\/uploads\/2025\/12\/44-768x346.jpg 768w, https:\/\/promakehub.com\/wp-content\/uploads\/2025\/12\/44-1536x691.jpg 1536w, https:\/\/promakehub.com\/wp-content\/uploads\/2025\/12\/44-2048x922.jpg 2048w, https:\/\/promakehub.com\/wp-content\/uploads\/2025\/12\/44-18x8.jpg 18w, https:\/\/promakehub.com\/wp-content\/uploads\/2025\/12\/44-600x270.jpg 600w\" sizes=\"(max-width: 2560px) 100vw, 2560px\" \/>\t\t\t\t\t\t\t\t\t\t\t\t\t\t\t<\/div>\n\t\t\t\t<\/div>\n\t\t\t\t<\/div>\n\t\t<div class=\"elementor-element elementor-element-2158cfa e-flex e-con-boxed e-con e-parent\" data-id=\"2158cfa\" data-element_type=\"container\">\n\t\t\t\t\t<div class=\"e-con-inner\">\n\t\t<div class=\"elementor-element elementor-element-bf9fa49 e-con-full e-flex e-con e-child\" data-id=\"bf9fa49\" data-element_type=\"container\">\n\t\t\t\t<div class=\"elementor-element elementor-element-a63bbfc elementor-widget elementor-widget-image\" data-id=\"a63bbfc\" data-element_type=\"widget\" data-widget_type=\"image.default\">\n\t\t\t\t<div class=\"elementor-widget-container\">\n\t\t\t\t\t\t\t\t\t\t\t\t\t\t\t<img loading=\"lazy\" decoding=\"async\" width=\"1024\" height=\"512\" src=\"https:\/\/promakehub.com\/wp-content\/uploads\/2025\/12\/44-1-1024x512.jpg\" class=\"attachment-large size-large wp-image-2815\" alt=\"\" srcset=\"https:\/\/promakehub.com\/wp-content\/uploads\/2025\/12\/44-1-1024x512.jpg 1024w, https:\/\/promakehub.com\/wp-content\/uploads\/2025\/12\/44-1-300x150.jpg 300w, https:\/\/promakehub.com\/wp-content\/uploads\/2025\/12\/44-1-768x384.jpg 768w, https:\/\/promakehub.com\/wp-content\/uploads\/2025\/12\/44-1-1536x768.jpg 1536w, https:\/\/promakehub.com\/wp-content\/uploads\/2025\/12\/44-1-18x9.jpg 18w, https:\/\/promakehub.com\/wp-content\/uploads\/2025\/12\/44-1-600x300.jpg 600w, https:\/\/promakehub.com\/wp-content\/uploads\/2025\/12\/44-1.jpg 1845w\" sizes=\"(max-width: 1024px) 100vw, 1024px\" \/>\t\t\t\t\t\t\t\t\t\t\t\t\t\t\t<\/div>\n\t\t\t\t<\/div>\n\t\t\t\t<div class=\"elementor-element elementor-element-f7c8e4e elementor-widget elementor-widget-heading\" data-id=\"f7c8e4e\" data-element_type=\"widget\" data-widget_type=\"heading.default\">\n\t\t\t\t<div class=\"elementor-widget-container\">\n\t\t\t\t\t<h5 class=\"elementor-heading-title elementor-size-default\">Retribuir a la comunidad<\/h5>\t\t\t\t<\/div>\n\t\t\t\t<\/div>\n\t\t\t\t<div class=\"elementor-element elementor-element-919257b elementor-widget elementor-widget-text-editor\" data-id=\"919257b\" data-element_type=\"widget\" data-widget_type=\"text-editor.default\">\n\t\t\t\t<div class=\"elementor-widget-container\">\n\t\t\t\t\t\t\t\t\t<p>Nos encanta retribuir a la comunidad y nos enorgullecemos de ser un ciudadano corporativo responsable a trav\u00e9s de la Fundaci\u00f3n promakehub, cuyos esfuerzos son una inversi\u00f3n sostenible en el futuro de las comunidades donde viven y trabajan nuestros empleados, como las subvenciones para financiar proyectos locales basados en STEM en escuelas K-12.<\/p>\t\t\t\t\t\t\t\t<\/div>\n\t\t\t\t<\/div>\n\t\t\t\t<div class=\"elementor-element elementor-element-05427f8 elementor-widget elementor-widget-button\" data-id=\"05427f8\" data-element_type=\"widget\" data-widget_type=\"button.default\">\n\t\t\t\t<div class=\"elementor-widget-container\">\n\t\t\t\t\t\t\t\t\t<div class=\"elementor-button-wrapper\">\n\t\t\t\t\t<a class=\"elementor-button elementor-button-link elementor-size-sm\" href=\"https:\/\/promakehub.com\/es\/signup\/\">\n\t\t\t\t\t\t<span class=\"elementor-button-content-wrapper\">\n\t\t\t\t\t\t\t\t\t<span class=\"elementor-button-text\">M\u00e1s informaci\u00f3n<\/span>\n\t\t\t\t\t<\/span>\n\t\t\t\t\t<\/a>\n\t\t\t\t<\/div>\n\t\t\t\t\t\t\t\t<\/div>\n\t\t\t\t<\/div>\n\t\t\t\t<\/div>\n\t\t<div class=\"elementor-element elementor-element-f7e774d e-con-full e-flex e-con e-child\" data-id=\"f7e774d\" data-element_type=\"container\">\n\t\t\t\t<div class=\"elementor-element elementor-element-d755274 elementor-widget elementor-widget-image\" data-id=\"d755274\" data-element_type=\"widget\" data-widget_type=\"image.default\">\n\t\t\t\t<div class=\"elementor-widget-container\">\n\t\t\t\t\t\t\t\t\t\t\t\t\t\t\t<img loading=\"lazy\" decoding=\"async\" width=\"1024\" height=\"512\" src=\"https:\/\/promakehub.com\/wp-content\/uploads\/2025\/12\/55-1024x512.jpg\" class=\"attachment-large size-large wp-image-2816\" alt=\"\" srcset=\"https:\/\/promakehub.com\/wp-content\/uploads\/2025\/12\/55-1024x512.jpg 1024w, https:\/\/promakehub.com\/wp-content\/uploads\/2025\/12\/55-300x150.jpg 300w, https:\/\/promakehub.com\/wp-content\/uploads\/2025\/12\/55-768x384.jpg 768w, https:\/\/promakehub.com\/wp-content\/uploads\/2025\/12\/55-1536x768.jpg 1536w, https:\/\/promakehub.com\/wp-content\/uploads\/2025\/12\/55-2048x1024.jpg 2048w, https:\/\/promakehub.com\/wp-content\/uploads\/2025\/12\/55-18x9.jpg 18w, https:\/\/promakehub.com\/wp-content\/uploads\/2025\/12\/55-600x300.jpg 600w\" sizes=\"(max-width: 1024px) 100vw, 1024px\" \/>\t\t\t\t\t\t\t\t\t\t\t\t\t\t\t<\/div>\n\t\t\t\t<\/div>\n\t\t\t\t<div class=\"elementor-element elementor-element-ff5e127 elementor-widget elementor-widget-heading\" data-id=\"ff5e127\" data-element_type=\"widget\" data-widget_type=\"heading.default\">\n\t\t\t\t<div class=\"elementor-widget-container\">\n\t\t\t\t\t<h5 class=\"elementor-heading-title elementor-size-default\">\u00danete a nuestro equipo<\/h5>\t\t\t\t<\/div>\n\t\t\t\t<\/div>\n\t\t\t\t<div class=\"elementor-element elementor-element-b207402 elementor-widget elementor-widget-text-editor\" data-id=\"b207402\" data-element_type=\"widget\" data-widget_type=\"text-editor.default\">\n\t\t\t\t<div class=\"elementor-widget-container\">\n\t\t\t\t\t\t\t\t\t<p>Protolabs se basa en nuestro activo m\u00e1s valioso: nuestros empleados. Hemos cultivado deliberadamente una cultura en la que los empleados se sienten valorados, escuchados y apreciados. Los valores de nuestra empresa reflejan qui\u00e9nes somos como empresa y entre nosotros. \u00bfLe interesa? Buscamos personas din\u00e1micas, inteligentes y creativas que nos ayuden a crecer y a dar forma a la fabricaci\u00f3n del futuro.<\/p>\t\t\t\t\t\t\t\t<\/div>\n\t\t\t\t<\/div>\n\t\t\t\t<div class=\"elementor-element elementor-element-1b0d819 elementor-widget elementor-widget-button\" data-id=\"1b0d819\" data-element_type=\"widget\" data-widget_type=\"button.default\">\n\t\t\t\t<div class=\"elementor-widget-container\">\n\t\t\t\t\t\t\t\t\t<div class=\"elementor-button-wrapper\">\n\t\t\t\t\t<a class=\"elementor-button elementor-button-link elementor-size-sm\" href=\"https:\/\/promakehub.com\/es\/signup\/\">\n\t\t\t\t\t\t<span class=\"elementor-button-content-wrapper\">\n\t\t\t\t\t\t\t\t\t<span class=\"elementor-button-text\">M\u00e1s informaci\u00f3n<\/span>\n\t\t\t\t\t<\/span>\n\t\t\t\t\t<\/a>\n\t\t\t\t<\/div>\n\t\t\t\t\t\t\t\t<\/div>\n\t\t\t\t<\/div>\n\t\t\t\t<\/div>\n\t\t\t\t\t<\/div>\n\t\t\t\t<\/div>\n\t\t<div class=\"elementor-element elementor-element-fa45ad7 e-con-full e-flex e-con e-parent\" data-id=\"fa45ad7\" data-element_type=\"container\">\n\t\t\t\t<div class=\"elementor-element elementor-element-6233644 elementor-widget elementor-widget-image\" data-id=\"6233644\" data-element_type=\"widget\" data-widget_type=\"image.default\">\n\t\t\t\t<div class=\"elementor-widget-container\">\n\t\t\t\t\t\t\t\t\t\t\t\t\t\t\t<img loading=\"lazy\" decoding=\"async\" width=\"1024\" height=\"480\" src=\"https:\/\/promakehub.com\/wp-content\/uploads\/2025\/10\/222.webp-1-1024x480.png\" class=\"attachment-large size-large wp-image-994\" alt=\"\" srcset=\"https:\/\/promakehub.com\/wp-content\/uploads\/2025\/10\/222.webp-1-1024x480.png 1024w, https:\/\/promakehub.com\/wp-content\/uploads\/2025\/10\/222.webp-1-300x141.png 300w, https:\/\/promakehub.com\/wp-content\/uploads\/2025\/10\/222.webp-1-768x360.png 768w, https:\/\/promakehub.com\/wp-content\/uploads\/2025\/10\/222.webp-1-1536x720.png 1536w, https:\/\/promakehub.com\/wp-content\/uploads\/2025\/10\/222.webp-1-2048x960.png 2048w, https:\/\/promakehub.com\/wp-content\/uploads\/2025\/10\/222.webp-1-18x8.png 18w, https:\/\/promakehub.com\/wp-content\/uploads\/2025\/10\/222.webp-1-600x281.png 600w\" sizes=\"(max-width: 1024px) 100vw, 1024px\" \/>\t\t\t\t\t\t\t\t\t\t\t\t\t\t\t<\/div>\n\t\t\t\t<\/div>\n\t\t\t\t<\/div>\n\t\t\t\t<\/div>","protected":false},"excerpt":{"rendered":"<p>About Us promakehub Hello! Welcome to the digital manufacturing revolution. [&hellip;]<\/p>","protected":false},"author":1,"featured_media":0,"parent":0,"menu_order":3,"comment_status":"closed","ping_status":"closed","template":"","meta":{"site-sidebar-layout":"no-sidebar","site-content-layout":"","ast-site-content-layout":"full-width-container","site-content-style":"default","site-sidebar-style":"default","ast-global-header-display":"","ast-banner-title-visibility":"","ast-main-header-display":"","ast-hfb-above-header-display":"","ast-hfb-below-header-display":"","ast-hfb-mobile-header-display":"","site-post-title":"disabled","ast-breadcrumbs-content":"","ast-featured-img":"disabled","footer-sml-layout":"","theme-transparent-header-meta":"enabled","adv-header-id-meta":"","stick-header-meta":"","header-above-stick-meta":"","header-main-stick-meta":"","header-below-stick-meta":"","astra-migrate-meta-layouts":"default","ast-page-background-enabled":"default","ast-page-background-meta":{"desktop":{"background-color":"var(--ast-global-color-4)","background-image":"","background-repeat":"repeat","background-position":"center center","background-size":"auto","background-attachment":"scroll","background-type":"","background-media":"","overlay-type":"","overlay-color":"","overlay-gradient":""},"tablet":{"background-color":"","background-image":"","background-repeat":"repeat","background-position":"center center","background-size":"auto","background-attachment":"scroll","background-type":"","background-media":"","overlay-type":"","overlay-color":"","overlay-gradient":""},"mobile":{"background-color":"","background-image":"","background-repeat":"repeat","background-position":"center center","background-size":"auto","background-attachment":"scroll","background-type":"","background-media":"","overlay-type":"","overlay-color":"","overlay-gradient":""}},"ast-content-background-meta":{"desktop":{"background-color":"var(--ast-global-color-5)","background-image":"","background-repeat":"repeat","background-position":"center center","background-size":"auto","background-attachment":"scroll","background-type":"","background-media":"","overlay-type":"","overlay-color":"","overlay-gradient":""},"tablet":{"background-color":"var(--ast-global-color-5)","background-image":"","background-repeat":"repeat","background-position":"center center","background-size":"auto","background-attachment":"scroll","background-type":"","background-media":"","overlay-type":"","overlay-color":"","overlay-gradient":""},"mobile":{"background-color":"var(--ast-global-color-5)","background-image":"","background-repeat":"repeat","background-position":"center center","background-size":"auto","background-attachment":"scroll","background-type":"","background-media":"","overlay-type":"","overlay-color":"","overlay-gradient":""}},"footnotes":""},"class_list":["post-545","page","type-page","status-publish","hentry"],"_links":{"self":[{"href":"https:\/\/promakehub.com\/es\/wp-json\/wp\/v2\/pages\/545","targetHints":{"allow":["GET"]}}],"collection":[{"href":"https:\/\/promakehub.com\/es\/wp-json\/wp\/v2\/pages"}],"about":[{"href":"https:\/\/promakehub.com\/es\/wp-json\/wp\/v2\/types\/page"}],"author":[{"embeddable":true,"href":"https:\/\/promakehub.com\/es\/wp-json\/wp\/v2\/users\/1"}],"replies":[{"embeddable":true,"href":"https:\/\/promakehub.com\/es\/wp-json\/wp\/v2\/comments?post=545"}],"version-history":[{"count":37,"href":"https:\/\/promakehub.com\/es\/wp-json\/wp\/v2\/pages\/545\/revisions"}],"predecessor-version":[{"id":3158,"href":"https:\/\/promakehub.com\/es\/wp-json\/wp\/v2\/pages\/545\/revisions\/3158"}],"wp:attachment":[{"href":"https:\/\/promakehub.com\/es\/wp-json\/wp\/v2\/media?parent=545"}],"curies":[{"name":"wp","href":"https:\/\/api.w.org\/{rel}","templated":true}]}}