{"id":3058,"date":"2026-01-04T05:23:51","date_gmt":"2026-01-04T05:23:51","guid":{"rendered":"https:\/\/promakehub.com\/?page_id=3058"},"modified":"2026-01-16T08:19:42","modified_gmt":"2026-01-16T08:19:42","slug":"injection-molding-3","status":"publish","type":"page","link":"https:\/\/promakehub.com\/es\/injection-molding-3\/","title":{"rendered":"injection molding"},"content":{"rendered":"<div data-elementor-type=\"wp-page\" data-elementor-id=\"3058\" class=\"elementor elementor-3058\" data-elementor-post-type=\"page\">\n\t\t\t\t<div class=\"elementor-element elementor-element-1464d5c7 e-flex e-con-boxed e-con e-parent\" data-id=\"1464d5c7\" data-element_type=\"container\" data-settings=\"{&quot;background_background&quot;:&quot;classic&quot;}\">\n\t\t\t\t\t<div class=\"e-con-inner\">\n\t\t\t\t<div class=\"elementor-element elementor-element-72acb4d2 elementor-widget elementor-widget-heading\" data-id=\"72acb4d2\" data-element_type=\"widget\" data-widget_type=\"heading.default\">\n\t\t\t\t<div class=\"elementor-widget-container\">\n\t\t\t\t\t<h5 class=\"elementor-heading-title elementor-size-default\">Obtenga piezas personalizadas en 24 horas.<\/h5>\t\t\t\t<\/div>\n\t\t\t\t<\/div>\n\t\t\t\t<div class=\"elementor-element elementor-element-1af7a7ee elementor-widget elementor-widget-text-editor\" data-id=\"1af7a7ee\" data-element_type=\"widget\" data-widget_type=\"text-editor.default\">\n\t\t\t\t<div class=\"elementor-widget-container\">\n\t\t\t\t\t\t\t\t\t<ul><li><img decoding=\"async\" src=\"data:image\/svg+xml;base64,PHN2ZyB3aWR0aD0iMjEiIGhlaWdodD0iMjEiIHZpZXdCb3g9IjAgMCAyMSAyMSIgZmlsbD0ibm9uZSIgeG1sbnM9Imh0dHA6Ly93d3cudzMub3JnLzIwMDAvc3ZnIj4KPHBhdGggZD0iTTEwLjUgMEM0LjcwMTU2IDAgMCA0LjcwMTU2IDAgMTAuNUMwIDE2LjI5ODQgNC43MDE1NiAyMSAxMC41IDIxQzE2LjI5ODQgMjEgMjEgMTYuMjk4NCAyMSAxMC41QzIxIDQuNzAxNTYgMTYuMjk4NCAwIDEwLjUgMFpNMTUuMDM1MiA3LjA3MTA5TDEwLjA5OTIgMTMuOTE0OEMxMC4wMzAyIDE0LjAxMTEgOS45MzkyOSAxNC4wODk2IDkuODMzOTIgMTQuMTQzN0M5LjcyODU2IDE0LjE5NzggOS42MTE4MSAxNC4yMjYxIDkuNDkzMzYgMTQuMjI2MUM5LjM3NDkxIDE0LjIyNjEgOS4yNTgxNiAxNC4xOTc4IDkuMTUyOCAxNC4xNDM3QzkuMDQ3NDMgMTQuMDg5NiA4Ljk1NjQ5IDE0LjAxMTEgOC44ODc1IDEzLjkxNDhMNS45NjQ4NCA5Ljg2NDg0QzUuODc1NzggOS43NDA2MiA1Ljk2NDg0IDkuNTY3MTkgNi4xMTcxOSA5LjU2NzE5SDcuMjE2NDFDNy40NTU0NyA5LjU2NzE5IDcuNjgyODEgOS42ODIwMyA3LjgyMzQ0IDkuODc4OTFMOS40OTIxOSAxMi4xOTQ1TDEzLjE3NjYgNy4wODUxNkMxMy4zMTcyIDYuODkwNjIgMTMuNTQyMiA2Ljc3MzQ0IDEzLjc4MzYgNi43NzM0NEgxNC44ODI4QzE1LjAzNTIgNi43NzM0NCAxNS4xMjQyIDYuOTQ2ODggMTUuMDM1MiA3LjA3MTA5WiIgZmlsbD0iIzE2QkM5QyIvPgo8L3N2Zz4K\" alt=\"\" width=\"20\" height=\"20\" \/>Precios y plazos de entrega instant\u00e1neos<\/li><li><img decoding=\"async\" src=\"data:image\/svg+xml;base64,PHN2ZyB3aWR0aD0iMjEiIGhlaWdodD0iMjEiIHZpZXdCb3g9IjAgMCAyMSAyMSIgZmlsbD0ibm9uZSIgeG1sbnM9Imh0dHA6Ly93d3cudzMub3JnLzIwMDAvc3ZnIj4KPHBhdGggZD0iTTEwLjUgMEM0LjcwMTU2IDAgMCA0LjcwMTU2IDAgMTAuNUMwIDE2LjI5ODQgNC43MDE1NiAyMSAxMC41IDIxQzE2LjI5ODQgMjEgMjEgMTYuMjk4NCAyMSAxMC41QzIxIDQuNzAxNTYgMTYuMjk4NCAwIDEwLjUgMFpNMTUuMDM1MiA3LjA3MTA5TDEwLjA5OTIgMTMuOTE0OEMxMC4wMzAyIDE0LjAxMTEgOS45MzkyOSAxNC4wODk2IDkuODMzOTIgMTQuMTQzN0M5LjcyODU2IDE0LjE5NzggOS42MTE4MSAxNC4yMjYxIDkuNDkzMzYgMTQuMjI2MUM5LjM3NDkxIDE0LjIyNjEgOS4yNTgxNiAxNC4xOTc4IDkuMTUyOCAxNC4xNDM3QzkuMDQ3NDMgMTQuMDg5NiA4Ljk1NjQ5IDE0LjAxMTEgOC44ODc1IDEzLjkxNDhMNS45NjQ4NCA5Ljg2NDg0QzUuODc1NzggOS43NDA2MiA1Ljk2NDg0IDkuNTY3MTkgNi4xMTcxOSA5LjU2NzE5SDcuMjE2NDFDNy40NTU0NyA5LjU2NzE5IDcuNjgyODEgOS42ODIwMyA3LjgyMzQ0IDkuODc4OTFMOS40OTIxOSAxMi4xOTQ1TDEzLjE3NjYgNy4wODUxNkMxMy4zMTcyIDYuODkwNjIgMTMuNTQyMiA2Ljc3MzQ0IDEzLjc4MzYgNi43NzM0NEgxNC44ODI4QzE1LjAzNTIgNi43NzM0NCAxNS4xMjQyIDYuOTQ2ODggMTUuMDM1MiA3LjA3MTA5WiIgZmlsbD0iIzE2QkM5QyIvPgo8L3N2Zz4K\" alt=\"\" width=\"20\" height=\"20\" \/>Informaci\u00f3n sobre DFM basada en IA y en expertos humanos<\/li><li><img decoding=\"async\" src=\"data:image\/svg+xml;base64,PHN2ZyB3aWR0aD0iMjEiIGhlaWdodD0iMjEiIHZpZXdCb3g9IjAgMCAyMSAyMSIgZmlsbD0ibm9uZSIgeG1sbnM9Imh0dHA6Ly93d3cudzMub3JnLzIwMDAvc3ZnIj4KPHBhdGggZD0iTTEwLjUgMEM0LjcwMTU2IDAgMCA0LjcwMTU2IDAgMTAuNUMwIDE2LjI5ODQgNC43MDE1NiAyMSAxMC41IDIxQzE2LjI5ODQgMjEgMjEgMTYuMjk4NCAyMSAxMC41QzIxIDQuNzAxNTYgMTYuMjk4NCAwIDEwLjUgMFpNMTUuMDM1MiA3LjA3MTA5TDEwLjA5OTIgMTMuOTE0OEMxMC4wMzAyIDE0LjAxMTEgOS45MzkyOSAxNC4wODk2IDkuODMzOTIgMTQuMTQzN0M5LjcyODU2IDE0LjE5NzggOS42MTE4MSAxNC4yMjYxIDkuNDkzMzYgMTQuMjI2MUM5LjM3NDkxIDE0LjIyNjEgOS4yNTgxNiAxNC4xOTc4IDkuMTUyOCAxNC4xNDM3QzkuMDQ3NDMgMTQuMDg5NiA4Ljk1NjQ5IDE0LjAxMTEgOC44ODc1IDEzLjkxNDhMNS45NjQ4NCA5Ljg2NDg0QzUuODc1NzggOS43NDA2MiA1Ljk2NDg0IDkuNTY3MTkgNi4xMTcxOSA5LjU2NzE5SDcuMjE2NDFDNy40NTU0NyA5LjU2NzE5IDcuNjgyODEgOS42ODIwMyA3LjgyMzQ0IDkuODc4OTFMOS40OTIxOSAxMi4xOTQ1TDEzLjE3NjYgNy4wODUxNkMxMy4zMTcyIDYuODkwNjIgMTMuNTQyMiA2Ljc3MzQ0IDEzLjc4MzYgNi43NzM0NEgxNC44ODI4QzE1LjAzNTIgNi43NzM0NCAxNS4xMjQyIDYuOTQ2ODggMTUuMDM1MiA3LjA3MTA5WiIgZmlsbD0iIzE2QkM5QyIvPgo8L3N2Zz4K\" alt=\"\" width=\"20\" height=\"20\" \/>Impresi\u00f3n 3D, mecanizado CNC, fundici\u00f3n de uretano, moldeo por inyecci\u00f3n, chapa met\u00e1lica, moldeo por compresi\u00f3n y fundici\u00f3n a presi\u00f3n<\/li><li><img decoding=\"async\" src=\"data:image\/svg+xml;base64,PHN2ZyB3aWR0aD0iMjEiIGhlaWdodD0iMjEiIHZpZXdCb3g9IjAgMCAyMSAyMSIgZmlsbD0ibm9uZSIgeG1sbnM9Imh0dHA6Ly93d3cudzMub3JnLzIwMDAvc3ZnIj4KPHBhdGggZD0iTTEwLjUgMEM0LjcwMTU2IDAgMCA0LjcwMTU2IDAgMTAuNUMwIDE2LjI5ODQgNC43MDE1NiAyMSAxMC41IDIxQzE2LjI5ODQgMjEgMjEgMTYuMjk4NCAyMSAxMC41QzIxIDQuNzAxNTYgMTYuMjk4NCAwIDEwLjUgMFpNMTUuMDM1MiA3LjA3MTA5TDEwLjA5OTIgMTMuOTE0OEMxMC4wMzAyIDE0LjAxMTEgOS45MzkyOSAxNC4wODk2IDkuODMzOTIgMTQuMTQzN0M5LjcyODU2IDE0LjE5NzggOS42MTE4MSAxNC4yMjYxIDkuNDkzMzYgMTQuMjI2MUM5LjM3NDkxIDE0LjIyNjEgOS4yNTgxNiAxNC4xOTc4IDkuMTUyOCAxNC4xNDM3QzkuMDQ3NDMgMTQuMDg5NiA4Ljk1NjQ5IDE0LjAxMTEgOC44ODc1IDEzLjkxNDhMNS45NjQ4NCA5Ljg2NDg0QzUuODc1NzggOS43NDA2MiA1Ljk2NDg0IDkuNTY3MTkgNi4xMTcxOSA5LjU2NzE5SDcuMjE2NDFDNy40NTU0NyA5LjU2NzE5IDcuNjgyODEgOS42ODIwMyA3LjgyMzQ0IDkuODc4OTFMOS40OTIxOSAxMi4xOTQ1TDEzLjE3NjYgNy4wODUxNkMxMy4zMTcyIDYuODkwNjIgMTMuNTQyMiA2Ljc3MzQ0IDEzLjc4MzYgNi43NzM0NEgxNC44ODI4QzE1LjAzNTIgNi43NzM0NCAxNS4xMjQyIDYuOTQ2ODggMTUuMDM1MiA3LjA3MTA5WiIgZmlsbD0iIzE2QkM5QyIvPgo8L3N2Zz4K\" alt=\"\" width=\"20\" height=\"20\" \/>Apoyo de expertos t\u00e9cnicos en fabricaci\u00f3n<\/li><li><img decoding=\"async\" src=\"data:image\/svg+xml;base64,PHN2ZyB3aWR0aD0iMjEiIGhlaWdodD0iMjEiIHZpZXdCb3g9IjAgMCAyMSAyMSIgZmlsbD0ibm9uZSIgeG1sbnM9Imh0dHA6Ly93d3cudzMub3JnLzIwMDAvc3ZnIj4KPHBhdGggZD0iTTEwLjUgMEM0LjcwMTU2IDAgMCA0LjcwMTU2IDAgMTAuNUMwIDE2LjI5ODQgNC43MDE1NiAyMSAxMC41IDIxQzE2LjI5ODQgMjEgMjEgMTYuMjk4NCAyMSAxMC41QzIxIDQuNzAxNTYgMTYuMjk4NCAwIDEwLjUgMFpNMTUuMDM1MiA3LjA3MTA5TDEwLjA5OTIgMTMuOTE0OEMxMC4wMzAyIDE0LjAxMTEgOS45MzkyOSAxNC4wODk2IDkuODMzOTIgMTQuMTQzN0M5LjcyODU2IDE0LjE5NzggOS42MTE4MSAxNC4yMjYxIDkuNDkzMzYgMTQuMjI2MUM5LjM3NDkxIDE0LjIyNjEgOS4yNTgxNiAxNC4xOTc4IDkuMTUyOCAxNC4xNDM3QzkuMDQ3NDMgMTQuMDg5NiA4Ljk1NjQ5IDE0LjAxMTEgOC44ODc1IDEzLjkxNDhMNS45NjQ4NCA5Ljg2NDg0QzUuODc1NzggOS43NDA2MiA1Ljk2NDg0IDkuNTY3MTkgNi4xMTcxOSA5LjU2NzE5SDcuMjE2NDFDNy40NTU0NyA5LjU2NzE5IDcuNjgyODEgOS42ODIwMyA3LjgyMzQ0IDkuODc4OTFMOS40OTIxOSAxMi4xOTQ1TDEzLjE3NjYgNy4wODUxNkMxMy4zMTcyIDYuODkwNjIgMTMuNTQyMiA2Ljc3MzQ0IDEzLjc4MzYgNi43NzM0NEgxNC44ODI4QzE1LjAzNTIgNi43NzM0NCAxNS4xMjQyIDYuOTQ2ODggMTUuMDM1MiA3LjA3MTA5WiIgZmlsbD0iIzE2QkM5QyIvPgo8L3N2Zz4K\" alt=\"\" width=\"20\" height=\"20\" \/>Piezas entregadas siempre a tiempo y seg\u00fan las especificaciones<\/li><li><img decoding=\"async\" src=\"data:image\/svg+xml;base64,PHN2ZyB3aWR0aD0iMjEiIGhlaWdodD0iMjEiIHZpZXdCb3g9IjAgMCAyMSAyMSIgZmlsbD0ibm9uZSIgeG1sbnM9Imh0dHA6Ly93d3cudzMub3JnLzIwMDAvc3ZnIj4KPHBhdGggZD0iTTEwLjUgMEM0LjcwMTU2IDAgMCA0LjcwMTU2IDAgMTAuNUMwIDE2LjI5ODQgNC43MDE1NiAyMSAxMC41IDIxQzE2LjI5ODQgMjEgMjEgMTYuMjk4NCAyMSAxMC41QzIxIDQuNzAxNTYgMTYuMjk4NCAwIDEwLjUgMFpNMTUuMDM1MiA3LjA3MTA5TDEwLjA5OTIgMTMuOTE0OEMxMC4wMzAyIDE0LjAxMTEgOS45MzkyOSAxNC4wODk2IDkuODMzOTIgMTQuMTQzN0M5LjcyODU2IDE0LjE5NzggOS42MTE4MSAxNC4yMjYxIDkuNDkzMzYgMTQuMjI2MUM5LjM3NDkxIDE0LjIyNjEgOS4yNTgxNiAxNC4xOTc4IDkuMTUyOCAxNC4xNDM3QzkuMDQ3NDMgMTQuMDg5NiA4Ljk1NjQ5IDE0LjAxMTEgOC44ODc1IDEzLjkxNDhMNS45NjQ4NCA5Ljg2NDg0QzUuODc1NzggOS43NDA2MiA1Ljk2NDg0IDkuNTY3MTkgNi4xMTcxOSA5LjU2NzE5SDcuMjE2NDFDNy40NTU0NyA5LjU2NzE5IDcuNjgyODEgOS42ODIwMyA3LjgyMzQ0IDkuODc4OTFMOS40OTIxOSAxMi4xOTQ1TDEzLjE3NjYgNy4wODUxNkMxMy4zMTcyIDYuODkwNjIgMTMuNTQyMiA2Ljc3MzQ0IDEzLjc4MzYgNi43NzM0NEgxNC44ODI4QzE1LjAzNTIgNi43NzM0NCAxNS4xMjQyIDYuOTQ2ODggMTUuMDM1MiA3LjA3MTA5WiIgZmlsbD0iIzE2QkM5QyIvPgo8L3N2Zz4K\" alt=\"\" width=\"20\" height=\"20\" \/>El coste en destino m\u00e1s bajo gracias a la experiencia en tarifas guiadas<\/li><\/ul>\t\t\t\t\t\t\t\t<\/div>\n\t\t\t\t<\/div>\n\t\t\t\t\t<\/div>\n\t\t\t\t<\/div>\n\t\t<div class=\"elementor-element elementor-element-133abe46 e-con-full e-flex e-con e-parent\" data-id=\"133abe46\" data-element_type=\"container\">\n\t\t\t\t<div class=\"elementor-element elementor-element-62b6bf0c elementor-widget elementor-widget-heading\" data-id=\"62b6bf0c\" data-element_type=\"widget\" data-widget_type=\"heading.default\">\n\t\t\t\t<div class=\"elementor-widget-container\">\n\t\t\t\t\t<h3 class=\"elementor-heading-title elementor-size-default\">Seleccione la tecnolog\u00eda de procesamiento<\/h3>\t\t\t\t<\/div>\n\t\t\t\t<\/div>\n\t\t\t\t<\/div>\n\t\t<div class=\"elementor-element elementor-element-637833c3 e-con-full e-flex e-con e-parent\" data-id=\"637833c3\" data-element_type=\"container\">\n\t\t<div class=\"elementor-element elementor-element-2bc40813 e-con-full e-flex e-con e-child\" data-id=\"2bc40813\" data-element_type=\"container\">\n\t\t\t\t<div class=\"elementor-element elementor-element-32f4a3c2 popmake-3796 elementor-widget elementor-widget-image\" data-id=\"32f4a3c2\" data-element_type=\"widget\" data-widget_type=\"image.default\">\n\t\t\t\t<div class=\"elementor-widget-container\">\n\t\t\t\t\t\t\t\t\t\t\t\t\t\t\t<img decoding=\"async\" width=\"125\" height=\"89\" src=\"https:\/\/promakehub.com\/wp-content\/uploads\/2025\/11\/111.png\" class=\"elementor-animation-grow attachment-large size-large wp-image-2004\" alt=\"\" srcset=\"https:\/\/promakehub.com\/wp-content\/uploads\/2025\/11\/111.png 125w, https:\/\/promakehub.com\/wp-content\/uploads\/2025\/11\/111-18x12.png 18w\" sizes=\"(max-width: 125px) 100vw, 125px\" \/>\t\t\t\t\t\t\t\t\t\t\t\t\t\t\t<\/div>\n\t\t\t\t<\/div>\n\t\t\t\t<div class=\"elementor-element elementor-element-411aad18 elementor-widget elementor-widget-text-editor\" data-id=\"411aad18\" data-element_type=\"widget\" data-widget_type=\"text-editor.default\">\n\t\t\t\t<div class=\"elementor-widget-container\">\n\t\t\t\t\t\t\t\t\t<p><a style=\"text-decoration: none;\" href=\"https:\/\/promakehub.com\/es\/cnc\/\">Mecanizado CNC<\/a><\/p>\t\t\t\t\t\t\t\t<\/div>\n\t\t\t\t<\/div>\n\t\t\t\t<\/div>\n\t\t<div class=\"elementor-element elementor-element-26ca3388 e-con-full e-flex e-con e-child\" data-id=\"26ca3388\" data-element_type=\"container\">\n\t\t\t\t<div class=\"elementor-element elementor-element-59a36623 popmake-3775 elementor-widget elementor-widget-image\" data-id=\"59a36623\" data-element_type=\"widget\" data-widget_type=\"image.default\">\n\t\t\t\t<div class=\"elementor-widget-container\">\n\t\t\t\t\t\t\t\t\t\t\t\t\t\t\t\t<a href=\"https:\/\/promakehub.com\/es\/3d-printing-2\/\">\n\t\t\t\t\t\t\t<img decoding=\"async\" width=\"139\" height=\"80\" src=\"https:\/\/promakehub.com\/wp-content\/uploads\/2025\/11\/22-1.png\" class=\"elementor-animation-grow attachment-large size-large wp-image-2005\" alt=\"\" srcset=\"https:\/\/promakehub.com\/wp-content\/uploads\/2025\/11\/22-1.png 139w, https:\/\/promakehub.com\/wp-content\/uploads\/2025\/11\/22-1-18x10.png 18w\" sizes=\"(max-width: 139px) 100vw, 139px\" \/>\t\t\t\t\t\t\t\t<\/a>\n\t\t\t\t\t\t\t\t\t\t\t\t\t\t\t<\/div>\n\t\t\t\t<\/div>\n\t\t\t\t<div class=\"elementor-element elementor-element-770a3b6 elementor-widget elementor-widget-text-editor\" data-id=\"770a3b6\" data-element_type=\"widget\" data-widget_type=\"text-editor.default\">\n\t\t\t\t<div class=\"elementor-widget-container\">\n\t\t\t\t\t\t\t\t\t<p><a style=\"text-decoration: none;\" href=\"https:\/\/promakehub.com\/es\/3d-printing-2\/\">Impresi\u00f3n 3D<\/a><\/p>\t\t\t\t\t\t\t\t<\/div>\n\t\t\t\t<\/div>\n\t\t\t\t<\/div>\n\t\t<div class=\"elementor-element elementor-element-15da2acb e-con-full e-flex e-con e-child\" data-id=\"15da2acb\" data-element_type=\"container\">\n\t\t\t\t<div class=\"elementor-element elementor-element-4127a92e popmake-3863 elementor-widget elementor-widget-image\" data-id=\"4127a92e\" data-element_type=\"widget\" data-widget_type=\"image.default\">\n\t\t\t\t<div class=\"elementor-widget-container\">\n\t\t\t\t\t\t\t\t\t\t\t\t\t\t\t\t<a href=\"https:\/\/promakehub.com\/es\/mold%20processingServices\/\">\n\t\t\t\t\t\t\t<img loading=\"lazy\" decoding=\"async\" width=\"136\" height=\"90\" src=\"https:\/\/promakehub.com\/wp-content\/uploads\/2025\/11\/33.png\" class=\"elementor-animation-grow attachment-large size-large wp-image-2006\" alt=\"\" srcset=\"https:\/\/promakehub.com\/wp-content\/uploads\/2025\/11\/33.png 136w, https:\/\/promakehub.com\/wp-content\/uploads\/2025\/11\/33-18x12.png 18w\" sizes=\"(max-width: 136px) 100vw, 136px\" \/>\t\t\t\t\t\t\t\t<\/a>\n\t\t\t\t\t\t\t\t\t\t\t\t\t\t\t<\/div>\n\t\t\t\t<\/div>\n\t\t\t\t<div class=\"elementor-element elementor-element-792de71f elementor-widget elementor-widget-text-editor\" data-id=\"792de71f\" data-element_type=\"widget\" data-widget_type=\"text-editor.default\">\n\t\t\t\t<div class=\"elementor-widget-container\">\n\t\t\t\t\t\t\t\t\t<a style=\"text-decoration: none;\" href=\"https:\/\/promakehub.com\/es\/mold processingServices\/\">tratamiento de moldesServicios<\/a>\t\t\t\t\t\t\t\t<\/div>\n\t\t\t\t<\/div>\n\t\t\t\t<\/div>\n\t\t<div class=\"elementor-element elementor-element-6e963c5e e-con-full e-flex e-con e-child\" data-id=\"6e963c5e\" data-element_type=\"container\">\n\t\t\t\t<div class=\"elementor-element elementor-element-5bcb8eb5 popmake-3253 elementor-widget elementor-widget-image\" data-id=\"5bcb8eb5\" data-element_type=\"widget\" data-widget_type=\"image.default\">\n\t\t\t\t<div class=\"elementor-widget-container\">\n\t\t\t\t\t\t\t\t\t\t\t\t\t\t\t<img loading=\"lazy\" decoding=\"async\" width=\"150\" height=\"84\" src=\"https:\/\/promakehub.com\/wp-content\/uploads\/2025\/11\/44.png\" class=\"elementor-animation-grow attachment-large size-large wp-image-2007\" alt=\"\" srcset=\"https:\/\/promakehub.com\/wp-content\/uploads\/2025\/11\/44.png 150w, https:\/\/promakehub.com\/wp-content\/uploads\/2025\/11\/44-18x10.png 18w\" sizes=\"(max-width: 150px) 100vw, 150px\" \/>\t\t\t\t\t\t\t\t\t\t\t\t\t\t\t<\/div>\n\t\t\t\t<\/div>\n\t\t\t\t<div class=\"elementor-element elementor-element-bb974c elementor-widget elementor-widget-text-editor\" data-id=\"bb974c\" data-element_type=\"widget\" data-widget_type=\"text-editor.default\">\n\t\t\t\t<div class=\"elementor-widget-container\">\n\t\t\t\t\t\t\t\t\t<p><a style=\"text-decoration: none;\" href=\"https:\/\/promakehub.com\/es\/injection-molding-3\/\">moldeo por inyecci\u00f3n<\/a><\/p>\t\t\t\t\t\t\t\t<\/div>\n\t\t\t\t<\/div>\n\t\t\t\t<\/div>\n\t\t<div class=\"elementor-element elementor-element-7a3320 e-con-full e-flex e-con e-child\" data-id=\"7a3320\" data-element_type=\"container\">\n\t\t\t\t<div class=\"elementor-element elementor-element-423d7d6f popmake-3863 elementor-widget elementor-widget-image\" data-id=\"423d7d6f\" data-element_type=\"widget\" data-widget_type=\"image.default\">\n\t\t\t\t<div class=\"elementor-widget-container\">\n\t\t\t\t\t\t\t\t\t\t\t\t\t\t\t\t<a href=\"https:\/\/promakehub.com\/es\/Bending%20sheet%20metaltechnology\/\">\n\t\t\t\t\t\t\t<img loading=\"lazy\" decoding=\"async\" width=\"135\" height=\"75\" src=\"https:\/\/promakehub.com\/wp-content\/uploads\/2025\/11\/55-1.png\" class=\"elementor-animation-grow attachment-large size-large wp-image-2008\" alt=\"\" srcset=\"https:\/\/promakehub.com\/wp-content\/uploads\/2025\/11\/55-1.png 135w, https:\/\/promakehub.com\/wp-content\/uploads\/2025\/11\/55-1-18x10.png 18w\" sizes=\"(max-width: 135px) 100vw, 135px\" \/>\t\t\t\t\t\t\t\t<\/a>\n\t\t\t\t\t\t\t\t\t\t\t\t\t\t\t<\/div>\n\t\t\t\t<\/div>\n\t\t\t\t<div class=\"elementor-element elementor-element-7309a9fe elementor-widget elementor-widget-text-editor\" data-id=\"7309a9fe\" data-element_type=\"widget\" data-widget_type=\"text-editor.default\">\n\t\t\t\t<div class=\"elementor-widget-container\">\n\t\t\t\t\t\t\t\t\t<p><a style=\"text-decoration: none;\" href=\"https:\/\/promakehub.com\/es\/Bending sheet metaltechnology\/\" data-wplink-url-error=\"true\">Tecnolog\u00eda de plegado de chapas<\/a><\/p>\t\t\t\t\t\t\t\t<\/div>\n\t\t\t\t<\/div>\n\t\t\t\t<\/div>\n\t\t<div class=\"elementor-element elementor-element-3fa6fa2a e-con-full e-flex e-con e-child\" data-id=\"3fa6fa2a\" data-element_type=\"container\">\n\t\t\t\t<div class=\"elementor-element elementor-element-2adb6004 elementor-widget elementor-widget-image\" data-id=\"2adb6004\" data-element_type=\"widget\" data-widget_type=\"image.default\">\n\t\t\t\t<div class=\"elementor-widget-container\">\n\t\t\t\t\t\t\t\t\t\t\t\t\t\t\t\t<a href=\"https:\/\/promakehub.com\/es\/other\/\">\n\t\t\t\t\t\t\t<img loading=\"lazy\" decoding=\"async\" width=\"99\" height=\"99\" src=\"https:\/\/promakehub.com\/wp-content\/uploads\/2025\/11\/11-1.png\" class=\"elementor-animation-grow attachment-large size-large wp-image-2013\" alt=\"\" srcset=\"https:\/\/promakehub.com\/wp-content\/uploads\/2025\/11\/11-1.png 99w, https:\/\/promakehub.com\/wp-content\/uploads\/2025\/11\/11-1-12x12.png 12w\" sizes=\"(max-width: 99px) 100vw, 99px\" \/>\t\t\t\t\t\t\t\t<\/a>\n\t\t\t\t\t\t\t\t\t\t\t\t\t\t\t<\/div>\n\t\t\t\t<\/div>\n\t\t\t\t<div class=\"elementor-element elementor-element-42f41185 elementor-widget elementor-widget-text-editor\" data-id=\"42f41185\" data-element_type=\"widget\" data-widget_type=\"text-editor.default\">\n\t\t\t\t<div class=\"elementor-widget-container\">\n\t\t\t\t\t\t\t\t\t<p><a style=\"text-decoration: none;\" href=\"https:\/\/promakehub.com\/es\/other\/\">otros<\/a><\/p>\t\t\t\t\t\t\t\t<\/div>\n\t\t\t\t<\/div>\n\t\t\t\t<\/div>\n\t\t\t\t<\/div>\n\t\t<div class=\"elementor-element elementor-element-6ae25a69 e-flex e-con-boxed e-con e-parent\" data-id=\"6ae25a69\" data-element_type=\"container\" id=\"aa\">\n\t\t\t\t\t<div class=\"e-con-inner\">\n\t\t\t\t<div class=\"elementor-element elementor-element-df4c428 elementor-widget elementor-widget-heading\" data-id=\"df4c428\" data-element_type=\"widget\" data-widget_type=\"heading.default\">\n\t\t\t\t<div class=\"elementor-widget-container\">\n\t\t\t\t\t<h2 class=\"elementor-heading-title elementor-size-default\">moldeo por inyecci\u00f3n<\/h2>\t\t\t\t<\/div>\n\t\t\t\t<\/div>\n\t\t\t\t<div class=\"elementor-element elementor-element-35e328ea elementor-widget elementor-widget-heading\" data-id=\"35e328ea\" data-element_type=\"widget\" data-widget_type=\"heading.default\">\n\t\t\t\t<div class=\"elementor-widget-container\">\n\t\t\t\t\t<h3 class=\"elementor-heading-title elementor-size-default\">Cargar dibujos y seleccionar par\u00e1metros de procesamiento<\/h3>\t\t\t\t<\/div>\n\t\t\t\t<\/div>\n\t\t\t\t\t<\/div>\n\t\t\t\t<\/div>\n\t\t<div class=\"elementor-element elementor-element-34f196d7 e-con-full e-flex e-con e-parent\" data-id=\"34f196d7\" data-element_type=\"container\" data-settings=\"{&quot;background_background&quot;:&quot;classic&quot;}\">\n\t\t<div class=\"elementor-element elementor-element-421feb7 e-con-full e-flex e-con e-child\" data-id=\"421feb7\" data-element_type=\"container\">\n\t\t\t\t<\/div>\n\t\t\t\t<\/div>\n\t\t\t\t<\/div>","protected":false},"excerpt":{"rendered":"<p>Get Custom Parts Delivered As Fast As 24 Hours. Instant [&hellip;]<\/p>","protected":false},"author":2,"featured_media":0,"parent":0,"menu_order":0,"comment_status":"closed","ping_status":"closed","template":"","meta":{"site-sidebar-layout":"no-sidebar","site-content-layout":"","ast-site-content-layout":"full-width-container","site-content-style":"default","site-sidebar-style":"default","ast-global-header-display":"","ast-banner-title-visibility":"","ast-main-header-display":"","ast-hfb-above-header-display":"","ast-hfb-below-header-display":"","ast-hfb-mobile-header-display":"","site-post-title":"disabled","ast-breadcrumbs-content":"","ast-featured-img":"disabled","footer-sml-layout":"","theme-transparent-header-meta":"","adv-header-id-meta":"","stick-header-meta":"","header-above-stick-meta":"","header-main-stick-meta":"","header-below-stick-meta":"","astra-migrate-meta-layouts":"default","ast-page-background-enabled":"default","ast-page-background-meta":{"desktop":{"background-color":"var(--ast-global-color-4)","background-image":"","background-repeat":"repeat","background-position":"center center","background-size":"auto","background-attachment":"scroll","background-type":"","background-media":"","overlay-type":"","overlay-color":"","overlay-gradient":""},"tablet":{"background-color":"","background-image":"","background-repeat":"repeat","background-position":"center center","background-size":"auto","background-attachment":"scroll","background-type":"","background-media":"","overlay-type":"","overlay-color":"","overlay-gradient":""},"mobile":{"background-color":"","background-image":"","background-repeat":"repeat","background-position":"center center","background-size":"auto","background-attachment":"scroll","background-type":"","background-media":"","overlay-type":"","overlay-color":"","overlay-gradient":""}},"ast-content-background-meta":{"desktop":{"background-color":"var(--ast-global-color-5)","background-image":"","background-repeat":"repeat","background-position":"center center","background-size":"auto","background-attachment":"scroll","background-type":"","background-media":"","overlay-type":"","overlay-color":"","overlay-gradient":""},"tablet":{"background-color":"var(--ast-global-color-5)","background-image":"","background-repeat":"repeat","background-position":"center center","background-size":"auto","background-attachment":"scroll","background-type":"","background-media":"","overlay-type":"","overlay-color":"","overlay-gradient":""},"mobile":{"background-color":"var(--ast-global-color-5)","background-image":"","background-repeat":"repeat","background-position":"center center","background-size":"auto","background-attachment":"scroll","background-type":"","background-media":"","overlay-type":"","overlay-color":"","overlay-gradient":""}},"footnotes":""},"class_list":["post-3058","page","type-page","status-publish","hentry"],"_links":{"self":[{"href":"https:\/\/promakehub.com\/es\/wp-json\/wp\/v2\/pages\/3058","targetHints":{"allow":["GET"]}}],"collection":[{"href":"https:\/\/promakehub.com\/es\/wp-json\/wp\/v2\/pages"}],"about":[{"href":"https:\/\/promakehub.com\/es\/wp-json\/wp\/v2\/types\/page"}],"author":[{"embeddable":true,"href":"https:\/\/promakehub.com\/es\/wp-json\/wp\/v2\/users\/2"}],"replies":[{"embeddable":true,"href":"https:\/\/promakehub.com\/es\/wp-json\/wp\/v2\/comments?post=3058"}],"version-history":[{"count":82,"href":"https:\/\/promakehub.com\/es\/wp-json\/wp\/v2\/pages\/3058\/revisions"}],"predecessor-version":[{"id":4069,"href":"https:\/\/promakehub.com\/es\/wp-json\/wp\/v2\/pages\/3058\/revisions\/4069"}],"wp:attachment":[{"href":"https:\/\/promakehub.com\/es\/wp-json\/wp\/v2\/media?parent=3058"}],"curies":[{"name":"wp","href":"https:\/\/api.w.org\/{rel}","templated":true}]}}