{"id":545,"date":"2025-10-21T08:59:29","date_gmt":"2025-10-21T08:59:29","guid":{"rendered":"https:\/\/promakehub.com\/about-us\/"},"modified":"2025-12-01T07:10:55","modified_gmt":"2025-12-01T07:10:55","slug":"about-us","status":"publish","type":"page","link":"https:\/\/promakehub.com\/de\/about-us\/","title":{"rendered":"\u00dcber uns"},"content":{"rendered":"<div data-elementor-type=\"wp-page\" data-elementor-id=\"545\" class=\"elementor elementor-545\" data-elementor-post-type=\"page\">\n\t\t\t\t<div class=\"elementor-element elementor-element-576916f e-flex e-con-boxed e-con e-parent\" data-id=\"576916f\" data-element_type=\"container\" data-settings=\"{&quot;background_background&quot;:&quot;classic&quot;}\">\n\t\t\t\t\t<div class=\"e-con-inner\">\n\t\t<div class=\"elementor-element elementor-element-9dbd73e e-con-full e-flex e-con e-child\" data-id=\"9dbd73e\" data-element_type=\"container\">\n\t\t\t\t<div class=\"elementor-element elementor-element-b4ad8cf elementor-widget elementor-widget-heading\" data-id=\"b4ad8cf\" data-element_type=\"widget\" data-widget_type=\"heading.default\">\n\t\t\t\t<div class=\"elementor-widget-container\">\n\t\t\t\t\t<h1 class=\"elementor-heading-title elementor-size-default\">\u00dcber uns<\/h1>\t\t\t\t<\/div>\n\t\t\t\t<\/div>\n\t\t\t\t<\/div>\n\t\t\t\t\t<\/div>\n\t\t\t\t<\/div>\n\t\t\t\t<section class=\"elementor-section elementor-top-section elementor-element elementor-element-1xu0nw7 elementor-section-content-middle elementor-section-boxed elementor-section-height-default elementor-section-height-default\" data-id=\"1xu0nw7\" data-element_type=\"section\" data-settings=\"{&quot;background_background&quot;:&quot;classic&quot;}\">\n\t\t\t\t\t\t\t<div class=\"elementor-background-overlay\"><\/div>\n\t\t\t\t\t\t\t<div class=\"elementor-container elementor-column-gap-no\">\n\t\t\t\t\t<div class=\"elementor-column elementor-col-50 elementor-top-column elementor-element elementor-element-5fcceb3\" data-id=\"5fcceb3\" data-element_type=\"column\">\n\t\t\t<div class=\"elementor-widget-wrap elementor-element-populated\">\n\t\t\t\t\t\t<div class=\"elementor-element elementor-element-1726a4d elementor-widget elementor-widget-image\" data-id=\"1726a4d\" data-element_type=\"widget\" data-widget_type=\"image.default\">\n\t\t\t\t<div class=\"elementor-widget-container\">\n\t\t\t\t\t\t\t\t\t\t\t\t\t\t\t<img fetchpriority=\"high\" decoding=\"async\" width=\"504\" height=\"302\" src=\"https:\/\/promakehub.com\/wp-content\/uploads\/2025\/11\/pl_prototyping_high-res.webp.png\" class=\"attachment-full size-full wp-image-1873\" alt=\"\" srcset=\"https:\/\/promakehub.com\/wp-content\/uploads\/2025\/11\/pl_prototyping_high-res.webp.png 504w, https:\/\/promakehub.com\/wp-content\/uploads\/2025\/11\/pl_prototyping_high-res.webp-300x180.png 300w, https:\/\/promakehub.com\/wp-content\/uploads\/2025\/11\/pl_prototyping_high-res.webp-18x12.png 18w\" sizes=\"(max-width: 504px) 100vw, 504px\" \/>\t\t\t\t\t\t\t\t\t\t\t\t\t\t\t<\/div>\n\t\t\t\t<\/div>\n\t\t\t\t\t<\/div>\n\t\t<\/div>\n\t\t\t\t<div class=\"elementor-column elementor-col-50 elementor-top-column elementor-element elementor-element-04229e9\" data-id=\"04229e9\" data-element_type=\"column\">\n\t\t\t<div class=\"elementor-widget-wrap elementor-element-populated\">\n\t\t\t\t\t\t<div class=\"elementor-element elementor-element-bdb5955 elementor-widget elementor-widget-heading\" data-id=\"bdb5955\" data-element_type=\"widget\" data-widget_type=\"heading.default\">\n\t\t\t\t<div class=\"elementor-widget-container\">\n\t\t\t\t\t<h3 class=\"elementor-heading-title elementor-size-default\">promakehub<\/h3>\t\t\t\t<\/div>\n\t\t\t\t<\/div>\n\t\t\t\t<div class=\"elementor-element elementor-element-b1bbbe1 elementor-widget elementor-widget-text-editor\" data-id=\"b1bbbe1\" data-element_type=\"widget\" data-widget_type=\"text-editor.default\">\n\t\t\t\t<div class=\"elementor-widget-container\">\n\t\t\t\t\t\t\t\t\t<p>Hallo! Willkommen bei der digitalen Fertigungsrevolution. promakehub ist der weltweit schnellste Fertigungsdienst, der es Unternehmen aller Branchen erm\u00f6glicht, die Produktion von Qualit\u00e4tsteilen w\u00e4hrend des gesamten Produktlebenszyklus zu optimieren.<\/p><p>Seit unserer Gr\u00fcndung im Jahr 1999 haben wir die Zeit, die f\u00fcr die Herstellung von geformten Prototypen ben\u00f6tigt wird, durch eine komplexe Software, die den Herstellungsprozess automatisiert, radikal verk\u00fcrzt. Im Laufe der n\u00e4chsten zwei Jahrzehnte kamen CNC-Bearbeitung, 3D-Druck und Blechfertigung hinzu, und sp\u00e4ter gr\u00fcndeten wir promakehub Network, unser globales Netzwerk von Fertigungspartnern.\u00a0<\/p><p>Unser \u00fcber 25-j\u00e4hriges Wachstum und die Erweiterung unserer Kapazit\u00e4ten bieten unseren Kunden die beste Erfahrung in der digitalen Fertigung in der Branche.<\/p>\t\t\t\t\t\t\t\t<\/div>\n\t\t\t\t<\/div>\n\t\t\t\t\t<\/div>\n\t\t<\/div>\n\t\t\t\t\t<\/div>\n\t\t<\/section>\n\t\t<div class=\"elementor-element elementor-element-3509671 e-flex e-con-boxed e-con e-parent\" data-id=\"3509671\" data-element_type=\"container\">\n\t\t\t\t\t<div class=\"e-con-inner\">\n\t\t\t\t<div class=\"elementor-element elementor-element-5fb84ec elementor-widget elementor-widget-text-editor\" data-id=\"5fb84ec\" data-element_type=\"widget\" data-widget_type=\"text-editor.default\">\n\t\t\t\t<div class=\"elementor-widget-container\">\n\t\t\t\t\t\t\t\t\t<p>Unser Auftrag<\/p>\t\t\t\t\t\t\t\t<\/div>\n\t\t\t\t<\/div>\n\t\t\t\t<div class=\"elementor-element elementor-element-e8b8d75 elementor-widget elementor-widget-text-editor\" data-id=\"e8b8d75\" data-element_type=\"widget\" data-widget_type=\"text-editor.default\">\n\t\t\t\t<div class=\"elementor-widget-container\">\n\t\t\t\t\t\t\t\t\t<p>Wir gestalten die Zukunft, indem wir die Ideen unserer Kunden in jeder Phase des Produktlebenszyklus zum Leben erwecken.<\/p>\t\t\t\t\t\t\t\t<\/div>\n\t\t\t\t<\/div>\n\t\t\t\t\t<\/div>\n\t\t\t\t<\/div>\n\t\t<div class=\"elementor-element elementor-element-34e3aab e-flex e-con-boxed e-con e-parent\" data-id=\"34e3aab\" data-element_type=\"container\">\n\t\t\t\t\t<div class=\"e-con-inner\">\n\t\t\t\t<div class=\"elementor-element elementor-element-dc6b40b elementor-widget elementor-widget-text-editor\" data-id=\"dc6b40b\" data-element_type=\"widget\" data-widget_type=\"text-editor.default\">\n\t\t\t\t<div class=\"elementor-widget-container\">\n\t\t\t\t\t\t\t\t\t<p>Unsere Vision<\/p>\t\t\t\t\t\t\t\t<\/div>\n\t\t\t\t<\/div>\n\t\t\t\t<div class=\"elementor-element elementor-element-05cbd9d elementor-widget elementor-widget-text-editor\" data-id=\"05cbd9d\" data-element_type=\"widget\" data-widget_type=\"text-editor.default\">\n\t\t\t\t<div class=\"elementor-widget-container\">\n\t\t\t\t\t\t\t\t\t<p>Beschleunigung der Innovation durch Revolutionierung der Fertigung.<\/p>\t\t\t\t\t\t\t\t<\/div>\n\t\t\t\t<\/div>\n\t\t\t\t\t<\/div>\n\t\t\t\t<\/div>\n\t\t<div class=\"elementor-element elementor-element-bbf6ecc e-flex e-con-boxed e-con e-parent\" data-id=\"bbf6ecc\" data-element_type=\"container\">\n\t\t\t\t\t<div class=\"e-con-inner\">\n\t\t\t\t<div class=\"elementor-element elementor-element-03af72f elementor-widget elementor-widget-image\" data-id=\"03af72f\" data-element_type=\"widget\" data-widget_type=\"image.default\">\n\t\t\t\t<div class=\"elementor-widget-container\">\n\t\t\t\t\t\t\t\t\t\t\t\t\t\t\t<img decoding=\"async\" width=\"1895\" height=\"221\" src=\"https:\/\/promakehub.com\/wp-content\/uploads\/2025\/12\/1.png\" class=\"attachment-full size-full wp-image-2807\" alt=\"\" srcset=\"https:\/\/promakehub.com\/wp-content\/uploads\/2025\/12\/1.png 1895w, https:\/\/promakehub.com\/wp-content\/uploads\/2025\/12\/1-300x35.png 300w, https:\/\/promakehub.com\/wp-content\/uploads\/2025\/12\/1-1024x119.png 1024w, https:\/\/promakehub.com\/wp-content\/uploads\/2025\/12\/1-768x90.png 768w, https:\/\/promakehub.com\/wp-content\/uploads\/2025\/12\/1-1536x179.png 1536w, https:\/\/promakehub.com\/wp-content\/uploads\/2025\/12\/1-18x2.png 18w, https:\/\/promakehub.com\/wp-content\/uploads\/2025\/12\/1-600x70.png 600w\" sizes=\"(max-width: 1895px) 100vw, 1895px\" \/>\t\t\t\t\t\t\t\t\t\t\t\t\t\t\t<\/div>\n\t\t\t\t<\/div>\n\t\t\t\t\t<\/div>\n\t\t\t\t<\/div>\n\t\t<div class=\"elementor-element elementor-element-453929d e-con-full e-flex e-con e-parent\" data-id=\"453929d\" data-element_type=\"container\" data-settings=\"{&quot;background_background&quot;:&quot;classic&quot;}\">\n\t\t\t\t<div class=\"elementor-element elementor-element-9c7eff3 elementor-widget elementor-widget-heading\" data-id=\"9c7eff3\" data-element_type=\"widget\" data-widget_type=\"heading.default\">\n\t\t\t\t<div class=\"elementor-widget-container\">\n\t\t\t\t\t<h4 class=\"elementor-heading-title elementor-size-default\">Globale Fertigung f\u00fcr regionales Onshoring<\/h4>\t\t\t\t<\/div>\n\t\t\t\t<\/div>\n\t\t\t\t<div class=\"elementor-element elementor-element-2bc6df7 elementor-widget elementor-widget-text-editor\" data-id=\"2bc6df7\" data-element_type=\"widget\" data-widget_type=\"text-editor.default\">\n\t\t\t\t<div class=\"elementor-widget-container\">\n\t\t\t\t\t\t\t\t\t<p><br \/>Unsere digitalen Fabriken produzieren Teile in kleinen St\u00fcckzahlen innerhalb weniger Tage, w\u00e4hrend unser digitales Netzwerk von Fertigungspartnern fortschrittliche F\u00e4higkeiten und Mengenpreise f\u00fcr h\u00f6here St\u00fcckzahlen erm\u00f6glicht.<\/p>\t\t\t\t\t\t\t\t<\/div>\n\t\t\t\t<\/div>\n\t\t\t\t<div class=\"elementor-element elementor-element-da6f56d elementor-widget elementor-widget-image\" data-id=\"da6f56d\" data-element_type=\"widget\" data-widget_type=\"image.default\">\n\t\t\t\t<div class=\"elementor-widget-container\">\n\t\t\t\t\t\t\t\t\t\t\t\t\t\t\t<img decoding=\"async\" width=\"2560\" height=\"1152\" src=\"https:\/\/promakehub.com\/wp-content\/uploads\/2025\/12\/44-scaled.jpg\" class=\"attachment-full size-full wp-image-2811\" alt=\"\" srcset=\"https:\/\/promakehub.com\/wp-content\/uploads\/2025\/12\/44-scaled.jpg 2560w, https:\/\/promakehub.com\/wp-content\/uploads\/2025\/12\/44-300x135.jpg 300w, https:\/\/promakehub.com\/wp-content\/uploads\/2025\/12\/44-1024x461.jpg 1024w, https:\/\/promakehub.com\/wp-content\/uploads\/2025\/12\/44-768x346.jpg 768w, https:\/\/promakehub.com\/wp-content\/uploads\/2025\/12\/44-1536x691.jpg 1536w, https:\/\/promakehub.com\/wp-content\/uploads\/2025\/12\/44-2048x922.jpg 2048w, https:\/\/promakehub.com\/wp-content\/uploads\/2025\/12\/44-18x8.jpg 18w, https:\/\/promakehub.com\/wp-content\/uploads\/2025\/12\/44-600x270.jpg 600w\" sizes=\"(max-width: 2560px) 100vw, 2560px\" \/>\t\t\t\t\t\t\t\t\t\t\t\t\t\t\t<\/div>\n\t\t\t\t<\/div>\n\t\t\t\t<\/div>\n\t\t<div class=\"elementor-element elementor-element-2158cfa e-flex e-con-boxed e-con e-parent\" data-id=\"2158cfa\" data-element_type=\"container\">\n\t\t\t\t\t<div class=\"e-con-inner\">\n\t\t<div class=\"elementor-element elementor-element-bf9fa49 e-con-full e-flex e-con e-child\" data-id=\"bf9fa49\" data-element_type=\"container\">\n\t\t\t\t<div class=\"elementor-element elementor-element-a63bbfc elementor-widget elementor-widget-image\" data-id=\"a63bbfc\" data-element_type=\"widget\" data-widget_type=\"image.default\">\n\t\t\t\t<div class=\"elementor-widget-container\">\n\t\t\t\t\t\t\t\t\t\t\t\t\t\t\t<img loading=\"lazy\" decoding=\"async\" width=\"1024\" height=\"512\" src=\"https:\/\/promakehub.com\/wp-content\/uploads\/2025\/12\/44-1-1024x512.jpg\" class=\"attachment-large size-large wp-image-2815\" alt=\"\" srcset=\"https:\/\/promakehub.com\/wp-content\/uploads\/2025\/12\/44-1-1024x512.jpg 1024w, https:\/\/promakehub.com\/wp-content\/uploads\/2025\/12\/44-1-300x150.jpg 300w, https:\/\/promakehub.com\/wp-content\/uploads\/2025\/12\/44-1-768x384.jpg 768w, https:\/\/promakehub.com\/wp-content\/uploads\/2025\/12\/44-1-1536x768.jpg 1536w, https:\/\/promakehub.com\/wp-content\/uploads\/2025\/12\/44-1-18x9.jpg 18w, https:\/\/promakehub.com\/wp-content\/uploads\/2025\/12\/44-1-600x300.jpg 600w, https:\/\/promakehub.com\/wp-content\/uploads\/2025\/12\/44-1.jpg 1845w\" sizes=\"(max-width: 1024px) 100vw, 1024px\" \/>\t\t\t\t\t\t\t\t\t\t\t\t\t\t\t<\/div>\n\t\t\t\t<\/div>\n\t\t\t\t<div class=\"elementor-element elementor-element-f7c8e4e elementor-widget elementor-widget-heading\" data-id=\"f7c8e4e\" data-element_type=\"widget\" data-widget_type=\"heading.default\">\n\t\t\t\t<div class=\"elementor-widget-container\">\n\t\t\t\t\t<h5 class=\"elementor-heading-title elementor-size-default\">Der Gemeinschaft etwas zur\u00fcckgeben<\/h5>\t\t\t\t<\/div>\n\t\t\t\t<\/div>\n\t\t\t\t<div class=\"elementor-element elementor-element-919257b elementor-widget elementor-widget-text-editor\" data-id=\"919257b\" data-element_type=\"widget\" data-widget_type=\"text-editor.default\">\n\t\t\t\t<div class=\"elementor-widget-container\">\n\t\t\t\t\t\t\t\t\t<p>Wir lieben es, der Gemeinschaft etwas zur\u00fcckzugeben, und sind stolz darauf, \u00fcber die promakehub-Stiftung ein verantwortungsbewusster Unternehmensb\u00fcrger zu sein, dessen Bem\u00fchungen eine nachhaltige Investition in die Zukunft der Gemeinden sind, in denen unsere Mitarbeiter leben und arbeiten, z. B. durch Zusch\u00fcsse zur Finanzierung lokaler MINT-basierter Projekte in K-12-Schulen.<\/p>\t\t\t\t\t\t\t\t<\/div>\n\t\t\t\t<\/div>\n\t\t\t\t<div class=\"elementor-element elementor-element-05427f8 elementor-widget elementor-widget-button\" data-id=\"05427f8\" data-element_type=\"widget\" data-widget_type=\"button.default\">\n\t\t\t\t<div class=\"elementor-widget-container\">\n\t\t\t\t\t\t\t\t\t<div class=\"elementor-button-wrapper\">\n\t\t\t\t\t<a class=\"elementor-button elementor-button-link elementor-size-sm\" href=\"https:\/\/promakehub.com\/de\/signup\/\">\n\t\t\t\t\t\t<span class=\"elementor-button-content-wrapper\">\n\t\t\t\t\t\t\t\t\t<span class=\"elementor-button-text\">Mehr erfahren<\/span>\n\t\t\t\t\t<\/span>\n\t\t\t\t\t<\/a>\n\t\t\t\t<\/div>\n\t\t\t\t\t\t\t\t<\/div>\n\t\t\t\t<\/div>\n\t\t\t\t<\/div>\n\t\t<div class=\"elementor-element elementor-element-f7e774d e-con-full e-flex e-con e-child\" data-id=\"f7e774d\" data-element_type=\"container\">\n\t\t\t\t<div class=\"elementor-element elementor-element-d755274 elementor-widget elementor-widget-image\" data-id=\"d755274\" data-element_type=\"widget\" data-widget_type=\"image.default\">\n\t\t\t\t<div class=\"elementor-widget-container\">\n\t\t\t\t\t\t\t\t\t\t\t\t\t\t\t<img loading=\"lazy\" decoding=\"async\" width=\"1024\" height=\"512\" src=\"https:\/\/promakehub.com\/wp-content\/uploads\/2025\/12\/55-1024x512.jpg\" class=\"attachment-large size-large wp-image-2816\" alt=\"\" srcset=\"https:\/\/promakehub.com\/wp-content\/uploads\/2025\/12\/55-1024x512.jpg 1024w, https:\/\/promakehub.com\/wp-content\/uploads\/2025\/12\/55-300x150.jpg 300w, https:\/\/promakehub.com\/wp-content\/uploads\/2025\/12\/55-768x384.jpg 768w, https:\/\/promakehub.com\/wp-content\/uploads\/2025\/12\/55-1536x768.jpg 1536w, https:\/\/promakehub.com\/wp-content\/uploads\/2025\/12\/55-2048x1024.jpg 2048w, https:\/\/promakehub.com\/wp-content\/uploads\/2025\/12\/55-18x9.jpg 18w, https:\/\/promakehub.com\/wp-content\/uploads\/2025\/12\/55-600x300.jpg 600w\" sizes=\"(max-width: 1024px) 100vw, 1024px\" \/>\t\t\t\t\t\t\t\t\t\t\t\t\t\t\t<\/div>\n\t\t\t\t<\/div>\n\t\t\t\t<div class=\"elementor-element elementor-element-ff5e127 elementor-widget elementor-widget-heading\" data-id=\"ff5e127\" data-element_type=\"widget\" data-widget_type=\"heading.default\">\n\t\t\t\t<div class=\"elementor-widget-container\">\n\t\t\t\t\t<h5 class=\"elementor-heading-title elementor-size-default\">Unserem Team beitreten<\/h5>\t\t\t\t<\/div>\n\t\t\t\t<\/div>\n\t\t\t\t<div class=\"elementor-element elementor-element-b207402 elementor-widget elementor-widget-text-editor\" data-id=\"b207402\" data-element_type=\"widget\" data-widget_type=\"text-editor.default\">\n\t\t\t\t<div class=\"elementor-widget-container\">\n\t\t\t\t\t\t\t\t\t<p>Bei Protolabs steht unser wertvollstes Gut im Mittelpunkt - unsere Mitarbeiter. Wir haben gezielt eine Kultur kultiviert, in der sich die Mitarbeiter gesch\u00e4tzt, geh\u00f6rt und anerkannt f\u00fchlen. Unsere Unternehmenswerte spiegeln wider, wer wir als Unternehmen sind und wie wir miteinander umgehen. Interessiert? Wir sind auf der Suche nach dynamischen, intelligenten und kreativen Menschen, die uns helfen, zu wachsen und die Zukunft der Fertigung zu gestalten.<\/p>\t\t\t\t\t\t\t\t<\/div>\n\t\t\t\t<\/div>\n\t\t\t\t<div class=\"elementor-element elementor-element-1b0d819 elementor-widget elementor-widget-button\" data-id=\"1b0d819\" data-element_type=\"widget\" data-widget_type=\"button.default\">\n\t\t\t\t<div class=\"elementor-widget-container\">\n\t\t\t\t\t\t\t\t\t<div class=\"elementor-button-wrapper\">\n\t\t\t\t\t<a class=\"elementor-button elementor-button-link elementor-size-sm\" href=\"https:\/\/promakehub.com\/de\/signup\/\">\n\t\t\t\t\t\t<span class=\"elementor-button-content-wrapper\">\n\t\t\t\t\t\t\t\t\t<span class=\"elementor-button-text\">Mehr erfahren<\/span>\n\t\t\t\t\t<\/span>\n\t\t\t\t\t<\/a>\n\t\t\t\t<\/div>\n\t\t\t\t\t\t\t\t<\/div>\n\t\t\t\t<\/div>\n\t\t\t\t<\/div>\n\t\t\t\t\t<\/div>\n\t\t\t\t<\/div>\n\t\t<div class=\"elementor-element elementor-element-fa45ad7 e-con-full e-flex e-con e-parent\" data-id=\"fa45ad7\" data-element_type=\"container\">\n\t\t\t\t<div class=\"elementor-element elementor-element-6233644 elementor-widget elementor-widget-image\" data-id=\"6233644\" data-element_type=\"widget\" data-widget_type=\"image.default\">\n\t\t\t\t<div class=\"elementor-widget-container\">\n\t\t\t\t\t\t\t\t\t\t\t\t\t\t\t<img loading=\"lazy\" decoding=\"async\" width=\"1024\" height=\"480\" src=\"https:\/\/promakehub.com\/wp-content\/uploads\/2025\/10\/222.webp-1-1024x480.png\" class=\"attachment-large size-large wp-image-994\" alt=\"\" srcset=\"https:\/\/promakehub.com\/wp-content\/uploads\/2025\/10\/222.webp-1-1024x480.png 1024w, https:\/\/promakehub.com\/wp-content\/uploads\/2025\/10\/222.webp-1-300x141.png 300w, https:\/\/promakehub.com\/wp-content\/uploads\/2025\/10\/222.webp-1-768x360.png 768w, https:\/\/promakehub.com\/wp-content\/uploads\/2025\/10\/222.webp-1-1536x720.png 1536w, https:\/\/promakehub.com\/wp-content\/uploads\/2025\/10\/222.webp-1-2048x960.png 2048w, https:\/\/promakehub.com\/wp-content\/uploads\/2025\/10\/222.webp-1-18x8.png 18w, https:\/\/promakehub.com\/wp-content\/uploads\/2025\/10\/222.webp-1-600x281.png 600w\" sizes=\"(max-width: 1024px) 100vw, 1024px\" \/>\t\t\t\t\t\t\t\t\t\t\t\t\t\t\t<\/div>\n\t\t\t\t<\/div>\n\t\t\t\t<\/div>\n\t\t\t\t<\/div>","protected":false},"excerpt":{"rendered":"<p>About Us promakehub Hello! Welcome to the digital manufacturing revolution. [&hellip;]<\/p>","protected":false},"author":1,"featured_media":0,"parent":0,"menu_order":3,"comment_status":"closed","ping_status":"closed","template":"","meta":{"site-sidebar-layout":"no-sidebar","site-content-layout":"","ast-site-content-layout":"full-width-container","site-content-style":"default","site-sidebar-style":"default","ast-global-header-display":"","ast-banner-title-visibility":"","ast-main-header-display":"","ast-hfb-above-header-display":"","ast-hfb-below-header-display":"","ast-hfb-mobile-header-display":"","site-post-title":"disabled","ast-breadcrumbs-content":"","ast-featured-img":"disabled","footer-sml-layout":"","theme-transparent-header-meta":"enabled","adv-header-id-meta":"","stick-header-meta":"","header-above-stick-meta":"","header-main-stick-meta":"","header-below-stick-meta":"","astra-migrate-meta-layouts":"default","ast-page-background-enabled":"default","ast-page-background-meta":{"desktop":{"background-color":"var(--ast-global-color-4)","background-image":"","background-repeat":"repeat","background-position":"center center","background-size":"auto","background-attachment":"scroll","background-type":"","background-media":"","overlay-type":"","overlay-color":"","overlay-gradient":""},"tablet":{"background-color":"","background-image":"","background-repeat":"repeat","background-position":"center center","background-size":"auto","background-attachment":"scroll","background-type":"","background-media":"","overlay-type":"","overlay-color":"","overlay-gradient":""},"mobile":{"background-color":"","background-image":"","background-repeat":"repeat","background-position":"center center","background-size":"auto","background-attachment":"scroll","background-type":"","background-media":"","overlay-type":"","overlay-color":"","overlay-gradient":""}},"ast-content-background-meta":{"desktop":{"background-color":"var(--ast-global-color-5)","background-image":"","background-repeat":"repeat","background-position":"center center","background-size":"auto","background-attachment":"scroll","background-type":"","background-media":"","overlay-type":"","overlay-color":"","overlay-gradient":""},"tablet":{"background-color":"var(--ast-global-color-5)","background-image":"","background-repeat":"repeat","background-position":"center center","background-size":"auto","background-attachment":"scroll","background-type":"","background-media":"","overlay-type":"","overlay-color":"","overlay-gradient":""},"mobile":{"background-color":"var(--ast-global-color-5)","background-image":"","background-repeat":"repeat","background-position":"center center","background-size":"auto","background-attachment":"scroll","background-type":"","background-media":"","overlay-type":"","overlay-color":"","overlay-gradient":""}},"footnotes":""},"class_list":["post-545","page","type-page","status-publish","hentry"],"_links":{"self":[{"href":"https:\/\/promakehub.com\/de\/wp-json\/wp\/v2\/pages\/545","targetHints":{"allow":["GET"]}}],"collection":[{"href":"https:\/\/promakehub.com\/de\/wp-json\/wp\/v2\/pages"}],"about":[{"href":"https:\/\/promakehub.com\/de\/wp-json\/wp\/v2\/types\/page"}],"author":[{"embeddable":true,"href":"https:\/\/promakehub.com\/de\/wp-json\/wp\/v2\/users\/1"}],"replies":[{"embeddable":true,"href":"https:\/\/promakehub.com\/de\/wp-json\/wp\/v2\/comments?post=545"}],"version-history":[{"count":37,"href":"https:\/\/promakehub.com\/de\/wp-json\/wp\/v2\/pages\/545\/revisions"}],"predecessor-version":[{"id":3158,"href":"https:\/\/promakehub.com\/de\/wp-json\/wp\/v2\/pages\/545\/revisions\/3158"}],"wp:attachment":[{"href":"https:\/\/promakehub.com\/de\/wp-json\/wp\/v2\/media?parent=545"}],"curies":[{"name":"wp","href":"https:\/\/api.w.org\/{rel}","templated":true}]}}